{"id":1970,"date":"2020-05-03T18:45:03","date_gmt":"2020-05-03T18:45:03","guid":{"rendered":"https:\/\/turbodigitalcr.com\/portfolio\/radici\/?post_type=product&#038;p=1970"},"modified":"2020-05-21T05:29:06","modified_gmt":"2020-05-21T05:29:06","slug":"pan-de-chocolate","status":"publish","type":"product","link":"https:\/\/turbodigitalcr.com\/portfolio\/radici\/product\/pan-de-chocolate\/","title":{"rendered":"Pan de Chocolate"},"content":{"rendered":"<p><strong>Ingredientes:<\/strong><br \/>\nHarina de trigo enriquecida con (niacina (vitamina B3), hierro, tiamina (vitamina B1) riboflabina (vitamina B2), \u00e1cido f\u00f3lico (vitamina B9), leche, mantequilla (aceite vegetal, agua, sal, monoglic\u00e9ridos (emulsionante), s\u00f3lidos l\u00e1cteos, betacaroteno (colorante), lecitina de soya (emulsionante), benzoato de sodio y sorbato de potasio al 0,1% m\u00e1x. (Preservantes)), levadura, sal yodada, mejorador al 1%, colorante super rojo 40, relleno de chocolate (az\u00facar, grasa vegetal, suero de leche, cacao en polvo, leche, lecitina de soya y estearina de palma (como emulsificante)).<\/p>\n<p><strong>Contiene:<\/strong> gluten, leche, soya. Elaborado en equipos que procesan productos que contienen: huevo, nuez, almendras.<\/p>\n","protected":false},"excerpt":{"rendered":"<p><strong>Ingredientes:<\/strong><br \/>\nHarina de trigo enriquecida con (niacina (vitamina B3), hierro, tiamina (vitamina B1) riboflabina (vitamina B2), \u00e1cido f\u00f3lico (vitamina B9), leche, mantequilla (aceite vegetal, agua, sal, monoglic\u00e9ridos (emulsionante), s\u00f3lidos l\u00e1cteos, betacaroteno (colorante), lecitina de soya (emulsionante), benzoato de sodio y sorbato de potasio al 0,1% m\u00e1x. (Preservantes)), levadura, sal yodada, mejorador al 1%, colorante super rojo 40, relleno de chocolate (az\u00facar, grasa vegetal, suero de leche, cacao en polvo, leche, lecitina de soya y estearina de palma (como emulsificante)).<\/p>\n<p><strong>Contiene:<\/strong> gluten, leche, soya. Elaborado en equipos que procesan productos que contienen: huevo, nuez, almendras.<\/p>\n","protected":false},"featured_media":2164,"comment_status":"open","ping_status":"closed","template":"","meta":[],"_links":{"self":[{"href":"https:\/\/turbodigitalcr.com\/portfolio\/radici\/wp-json\/wp\/v2\/product\/1970"}],"collection":[{"href":"https:\/\/turbodigitalcr.com\/portfolio\/radici\/wp-json\/wp\/v2\/product"}],"about":[{"href":"https:\/\/turbodigitalcr.com\/portfolio\/radici\/wp-json\/wp\/v2\/types\/product"}],"replies":[{"embeddable":true,"href":"https:\/\/turbodigitalcr.com\/portfolio\/radici\/wp-json\/wp\/v2\/comments?post=1970"}],"wp:featuredmedia":[{"embeddable":true,"href":"https:\/\/turbodigitalcr.com\/portfolio\/radici\/wp-json\/wp\/v2\/media\/2164"}],"wp:attachment":[{"href":"https:\/\/turbodigitalcr.com\/portfolio\/radici\/wp-json\/wp\/v2\/media?parent=1970"}],"curies":[{"name":"wp","href":"https:\/\/api.w.org\/{rel}","templated":true}]}}